{"id":228,"date":"2023-07-03T16:22:29","date_gmt":"2023-07-03T14:22:29","guid":{"rendered":"https:\/\/www.iletaitunefoismescolos.fr\/?page_id=228"},"modified":"2023-07-06T15:18:26","modified_gmt":"2023-07-06T13:18:26","slug":"copyright","status":"publish","type":"page","link":"https:\/\/www.iletaitunefoismescolos.fr\/?page_id=228","title":{"rendered":"Mentions l\u00e9gales"},"content":{"rendered":"\n<h2 class=\"wp-block-heading\">Droits d&rsquo;auteur<\/h2>\n\n\n\n<p>Tous les contenus pr\u00e9sents sur ce site, y compris, mais sans s&rsquo;y limiter, le texte, les logos, les images, les clips vid\u00e9o, les illustrations etc. sont la propri\u00e9t\u00e9 exclusive de l&rsquo;association et sont prot\u00e9g\u00e9s par les lois sur les droits d&rsquo;auteur en vigueur.<\/p>\n\n\n\n<p>Tous les droits qui ne sont pas express\u00e9ment accord\u00e9s dans le pr\u00e9sent avis sont r\u00e9serv\u00e9s. Sauf autorisation \u00e9crite pr\u00e9alable de l&rsquo;association, il est strictement interdit de reproduire, distribuer, modifier, transmettre, afficher ou utiliser de toute autre mani\u00e8re les contenus de ce site.<\/p>\n\n\n\n<p>Les utilisateurs du site sont autoris\u00e9s \u00e0 consulter, t\u00e9l\u00e9charger et imprimer les contenus \u00e0 des fins personnelles et non commerciales, \u00e0 condition de conserver toutes les mentions de droit d&rsquo;auteur et de propri\u00e9t\u00e9 intellectuelle intactes. Toute autre utilisation des contenus, y compris la reproduction, la modification, la distribution ou la republication sans autorisation \u00e9crite pr\u00e9alable, est strictement interdite.<\/p>\n\n\n\n<h2 class=\"wp-block-heading\">Liens vers des sites tiers<\/h2>\n\n\n\n<p>Ce site peut contenir des liens vers des sites web tiers. L&rsquo;association \u00ab\u00a0Il \u00e9tait une fois\u2026\u00a0\u00bb ne contr\u00f4le pas ces sites et n&rsquo;assume aucune responsabilit\u00e9 quant \u00e0 leur contenu ou \u00e0 leur politique de confidentialit\u00e9. L&rsquo;inclusion de ces liens ne constitue pas une approbation de leur part par l&rsquo;association.<\/p>\n\n\n\n<h2 class=\"wp-block-heading\">Limitation de responsabilit\u00e9<\/h2>\n\n\n\n<p>L&rsquo;association \u00ab\u00a0Il \u00e9tait une fois\u2026\u00a0\u00bb s&rsquo;efforce de fournir des informations pr\u00e9cises et \u00e0 jour sur ce site, mais ne donne aucune garantie quant \u00e0 l&rsquo;exactitude, l&rsquo;exhaustivit\u00e9 ou la fiabilit\u00e9 de ces informations. En aucun cas, l&rsquo;association \u00ab\u00a0Il \u00e9tait une fois\u2026\u00a0\u00bb ne sera tenue responsable de tout pr\u00e9judice direct, indirect, sp\u00e9cial ou cons\u00e9cutif r\u00e9sultant de l&rsquo;utilisation ou de l&rsquo;incapacit\u00e9 d&rsquo;utiliser ce site.<\/p>\n","protected":false},"excerpt":{"rendered":"<p>Droits d&rsquo;auteur Tous les contenus pr\u00e9sents sur ce site, y compris, mais sans s&rsquo;y limiter, le texte, les logos, les images, les clips vid\u00e9o, les illustrations etc. sont la propri\u00e9t\u00e9 exclusive de l&rsquo;association et sont prot\u00e9g\u00e9s par les lois sur les droits d&rsquo;auteur en vigueur. Tous les droits qui ne sont pas express\u00e9ment accord\u00e9s dans&hellip;&nbsp;<a href=\"https:\/\/www.iletaitunefoismescolos.fr\/?page_id=228\" rel=\"bookmark\">Lire la suite &raquo;<span class=\"screen-reader-text\">Mentions l\u00e9gales<\/span><\/a><\/p>\n","protected":false},"author":7,"featured_media":0,"parent":0,"menu_order":0,"comment_status":"closed","ping_status":"closed","template":"","meta":{"neve_meta_sidebar":"","neve_meta_container":"","neve_meta_enable_content_width":"","neve_meta_content_width":0,"neve_meta_title_alignment":"","neve_meta_author_avatar":"","neve_post_elements_order":"","neve_meta_disable_header":"","neve_meta_disable_footer":"","neve_meta_disable_title":"","_themeisle_gutenberg_block_has_review":false,"footnotes":""},"class_list":["post-228","page","type-page","status-publish","hentry"],"_links":{"self":[{"href":"https:\/\/www.iletaitunefoismescolos.fr\/index.php?rest_route=\/wp\/v2\/pages\/228","targetHints":{"allow":["GET"]}}],"collection":[{"href":"https:\/\/www.iletaitunefoismescolos.fr\/index.php?rest_route=\/wp\/v2\/pages"}],"about":[{"href":"https:\/\/www.iletaitunefoismescolos.fr\/index.php?rest_route=\/wp\/v2\/types\/page"}],"author":[{"embeddable":true,"href":"https:\/\/www.iletaitunefoismescolos.fr\/index.php?rest_route=\/wp\/v2\/users\/7"}],"replies":[{"embeddable":true,"href":"https:\/\/www.iletaitunefoismescolos.fr\/index.php?rest_route=%2Fwp%2Fv2%2Fcomments&post=228"}],"version-history":[{"count":3,"href":"https:\/\/www.iletaitunefoismescolos.fr\/index.php?rest_route=\/wp\/v2\/pages\/228\/revisions"}],"predecessor-version":[{"id":254,"href":"https:\/\/www.iletaitunefoismescolos.fr\/index.php?rest_route=\/wp\/v2\/pages\/228\/revisions\/254"}],"wp:attachment":[{"href":"https:\/\/www.iletaitunefoismescolos.fr\/index.php?rest_route=%2Fwp%2Fv2%2Fmedia&parent=228"}],"curies":[{"name":"wp","href":"https:\/\/api.w.org\/{rel}","templated":true}]}}