{"id":5922,"date":"2025-08-01T13:13:45","date_gmt":"2025-08-01T11:13:45","guid":{"rendered":"https:\/\/www.iletaitunefoismescolos.fr\/?page_id=5922"},"modified":"2025-08-31T22:51:32","modified_gmt":"2025-08-31T20:51:32","slug":"objets-trouves","status":"publish","type":"page","link":"https:\/\/www.iletaitunefoismescolos.fr\/?page_id=5922","title":{"rendered":"OBJETS TROUVES"},"content":{"rendered":"\n<p>Bonjour chers parents,<\/p>\n\n\n\n<p>Vous trouverez ci-dessous trop photos avec les objets trouv\u00e9s \u00e0 la fin de la session de juillet. <\/p>\n\n\n\n<p>N&rsquo;h\u00e9sitez pas \u00e0 nous informer si un des ces objets appartient \u00e0 votre enfant afin que nous puissions vous l&rsquo;envoyer. Nous pr\u00e9voyons d&rsquo;organiser les envoies \u00e0 la fin septembre.<\/p>\n\n\n\n<p>Vous pouvez nous contacter par mail \u00e0 directeurs.juillet@google.com<\/p>\n\n\n\n<p>En vous remerciant chaleureusement pour votre aide ! Bonne rentr\u00e9e \u00e0 tout le monde ! <\/p>\n\n\n\n<p>Photo 1 <\/p>\n\n\n\n<figure class=\"wp-block-gallery has-nested-images columns-default is-cropped wp-block-gallery-1 is-layout-flex wp-block-gallery-is-layout-flex\">\n<figure class=\"wp-block-image size-large\"><img loading=\"lazy\" decoding=\"async\" width=\"1024\" height=\"768\" data-id=\"8424\" src=\"https:\/\/www.iletaitunefoismescolos.fr\/wp-content\/uploads\/2025\/08\/Objets-perdus-photo-2-1024x768.png\" alt=\"\" class=\"wp-image-8424\" srcset=\"https:\/\/www.iletaitunefoismescolos.fr\/wp-content\/uploads\/2025\/08\/Objets-perdus-photo-2-1024x768.png 1024w, https:\/\/www.iletaitunefoismescolos.fr\/wp-content\/uploads\/2025\/08\/Objets-perdus-photo-2-300x225.png 300w, https:\/\/www.iletaitunefoismescolos.fr\/wp-content\/uploads\/2025\/08\/Objets-perdus-photo-2-768x576.png 768w, https:\/\/www.iletaitunefoismescolos.fr\/wp-content\/uploads\/2025\/08\/Objets-perdus-photo-2-1536x1152.png 1536w, https:\/\/www.iletaitunefoismescolos.fr\/wp-content\/uploads\/2025\/08\/Objets-perdus-photo-2.png 2048w\" sizes=\"auto, (max-width: 1024px) 100vw, 1024px\" \/><\/figure>\n<\/figure>\n\n\n\n<p>Photo 2 <\/p>\n\n\n\n<figure class=\"wp-block-gallery has-nested-images columns-default is-cropped wp-block-gallery-2 is-layout-flex wp-block-gallery-is-layout-flex\">\n<figure class=\"wp-block-image size-large\"><img loading=\"lazy\" decoding=\"async\" width=\"1024\" height=\"793\" data-id=\"8425\" src=\"https:\/\/www.iletaitunefoismescolos.fr\/wp-content\/uploads\/2025\/08\/Objets-perdus-photo-1-1-1024x793.png\" alt=\"\" class=\"wp-image-8425\" srcset=\"https:\/\/www.iletaitunefoismescolos.fr\/wp-content\/uploads\/2025\/08\/Objets-perdus-photo-1-1-1024x793.png 1024w, https:\/\/www.iletaitunefoismescolos.fr\/wp-content\/uploads\/2025\/08\/Objets-perdus-photo-1-1-300x232.png 300w, https:\/\/www.iletaitunefoismescolos.fr\/wp-content\/uploads\/2025\/08\/Objets-perdus-photo-1-1-768x595.png 768w, https:\/\/www.iletaitunefoismescolos.fr\/wp-content\/uploads\/2025\/08\/Objets-perdus-photo-1-1-1536x1190.png 1536w, https:\/\/www.iletaitunefoismescolos.fr\/wp-content\/uploads\/2025\/08\/Objets-perdus-photo-1-1.png 1899w\" sizes=\"auto, (max-width: 1024px) 100vw, 1024px\" \/><\/figure>\n<\/figure>\n\n\n\n<p>Photo 3<\/p>\n\n\n\n<figure class=\"wp-block-gallery has-nested-images columns-default is-cropped wp-block-gallery-3 is-layout-flex wp-block-gallery-is-layout-flex\">\n<figure class=\"wp-block-image size-large\"><img loading=\"lazy\" decoding=\"async\" width=\"1024\" height=\"768\" data-id=\"8423\" src=\"https:\/\/www.iletaitunefoismescolos.fr\/wp-content\/uploads\/2025\/08\/Objets-perdus-photo-3-1024x768.jpg\" alt=\"\" class=\"wp-image-8423\" srcset=\"https:\/\/www.iletaitunefoismescolos.fr\/wp-content\/uploads\/2025\/08\/Objets-perdus-photo-3-1024x768.jpg 1024w, https:\/\/www.iletaitunefoismescolos.fr\/wp-content\/uploads\/2025\/08\/Objets-perdus-photo-3-300x225.jpg 300w, https:\/\/www.iletaitunefoismescolos.fr\/wp-content\/uploads\/2025\/08\/Objets-perdus-photo-3-768x576.jpg 768w, https:\/\/www.iletaitunefoismescolos.fr\/wp-content\/uploads\/2025\/08\/Objets-perdus-photo-3-1536x1152.jpg 1536w, https:\/\/www.iletaitunefoismescolos.fr\/wp-content\/uploads\/2025\/08\/Objets-perdus-photo-3.jpg 2048w\" sizes=\"auto, (max-width: 1024px) 100vw, 1024px\" \/><\/figure>\n<\/figure>\n\n\n\n<p><\/p>\n","protected":false},"excerpt":{"rendered":"<p>Bonjour chers parents, Vous trouverez ci-dessous trop photos avec les objets trouv\u00e9s \u00e0 la fin de la session de juillet. N&rsquo;h\u00e9sitez pas \u00e0 nous informer si un des ces objets appartient \u00e0 votre enfant afin que nous puissions vous l&rsquo;envoyer. Nous pr\u00e9voyons d&rsquo;organiser les envoies \u00e0 la fin septembre. Vous pouvez nous contacter par mail&hellip;&nbsp;<a href=\"https:\/\/www.iletaitunefoismescolos.fr\/?page_id=5922\" rel=\"bookmark\">Lire la suite &raquo;<span class=\"screen-reader-text\">OBJETS TROUVES<\/span><\/a><\/p>\n","protected":false},"author":7,"featured_media":0,"parent":0,"menu_order":0,"comment_status":"closed","ping_status":"closed","template":"","meta":{"neve_meta_sidebar":"","neve_meta_container":"","neve_meta_enable_content_width":"","neve_meta_content_width":0,"neve_meta_title_alignment":"","neve_meta_author_avatar":"","neve_post_elements_order":"","neve_meta_disable_header":"","neve_meta_disable_footer":"","neve_meta_disable_title":"","_themeisle_gutenberg_block_has_review":false,"footnotes":""},"class_list":["post-5922","page","type-page","status-publish","hentry"],"_links":{"self":[{"href":"https:\/\/www.iletaitunefoismescolos.fr\/index.php?rest_route=\/wp\/v2\/pages\/5922","targetHints":{"allow":["GET"]}}],"collection":[{"href":"https:\/\/www.iletaitunefoismescolos.fr\/index.php?rest_route=\/wp\/v2\/pages"}],"about":[{"href":"https:\/\/www.iletaitunefoismescolos.fr\/index.php?rest_route=\/wp\/v2\/types\/page"}],"author":[{"embeddable":true,"href":"https:\/\/www.iletaitunefoismescolos.fr\/index.php?rest_route=\/wp\/v2\/users\/7"}],"replies":[{"embeddable":true,"href":"https:\/\/www.iletaitunefoismescolos.fr\/index.php?rest_route=%2Fwp%2Fv2%2Fcomments&post=5922"}],"version-history":[{"count":4,"href":"https:\/\/www.iletaitunefoismescolos.fr\/index.php?rest_route=\/wp\/v2\/pages\/5922\/revisions"}],"predecessor-version":[{"id":8426,"href":"https:\/\/www.iletaitunefoismescolos.fr\/index.php?rest_route=\/wp\/v2\/pages\/5922\/revisions\/8426"}],"wp:attachment":[{"href":"https:\/\/www.iletaitunefoismescolos.fr\/index.php?rest_route=%2Fwp%2Fv2%2Fmedia&parent=5922"}],"curies":[{"name":"wp","href":"https:\/\/api.w.org\/{rel}","templated":true}]}}