{"id":81,"date":"2023-06-28T22:31:10","date_gmt":"2023-06-28T20:31:10","guid":{"rendered":"https:\/\/www.iletaitunefoismescolos.fr\/?page_id=81"},"modified":"2023-06-28T22:31:11","modified_gmt":"2023-06-28T20:31:11","slug":"inclusion-denfants-en-situation-de-handicap","status":"publish","type":"page","link":"https:\/\/www.iletaitunefoismescolos.fr\/?page_id=81","title":{"rendered":"Inclusion d\u2019enfants en situation de handicap"},"content":{"rendered":"\n<p>L\u2019association d\u00e9fend l\u2019id\u00e9e que chaque jeune a droit \u00e0 des vacances, quels que soient ses handicaps.<\/p>\n\n\n\n<p>Depuis de nombreuses ann\u00e9es, des centres de vacances adapt\u00e9s se sont sp\u00e9cialis\u00e9s dans l\u2019accueil de personnes porteuses de handicap.<\/p>\n\n\n\n<p>De son c\u00f4t\u00e9, notre association, a fait le choix, lorsque c\u2019est possible, d\u2019accueillir ces jeunes, dans une structure ouverte \u00e0 tout public. Nous pensons que l\u2019exp\u00e9rience de la diff\u00e9rence est source d\u2019enrichissement.<\/p>\n\n\n\n<p>Pour offrir les meilleures conditions d\u2019accueil possibles, notre \u00e9quipe s\u2019est engag\u00e9e dans une r\u00e9flexion sur la mise en \u0153uvre d\u2019adaptations n\u00e9cessaires pour r\u00e9ussir l\u2019int\u00e9gration.<\/p>\n\n\n\n<p>La pr\u00e9sence d\u2019un auxiliaire de vie animateur accompagnateur tout au long du s\u00e9jour, le recrutement d\u2019une \u00e9quipe form\u00e9e \u00e0 la notion du handicap, des moments d\u2019\u00e9changes et de r\u00e9gulation, une collaboration \u00e9troite entre la famille et l\u2019\u00e9quipe d\u2019encadrement sont autant d\u2019\u00e9l\u00e9ments permettant aux jeunes en situation de handicap, de vivre leurs vacances en toute s\u00e9curit\u00e9 et de trouver leur place au sein du groupe.<\/p>\n","protected":false},"excerpt":{"rendered":"<p>L\u2019association d\u00e9fend l\u2019id\u00e9e que chaque jeune a droit \u00e0 des vacances, quels que soient ses handicaps. Depuis de nombreuses ann\u00e9es, des centres de vacances adapt\u00e9s se sont sp\u00e9cialis\u00e9s dans l\u2019accueil de personnes porteuses de handicap. De son c\u00f4t\u00e9, notre association, a fait le choix, lorsque c\u2019est possible, d\u2019accueillir ces jeunes, dans une structure ouverte \u00e0&hellip;&nbsp;<a href=\"https:\/\/www.iletaitunefoismescolos.fr\/?page_id=81\" rel=\"bookmark\">Lire la suite &raquo;<span class=\"screen-reader-text\">Inclusion d\u2019enfants en situation de handicap<\/span><\/a><\/p>\n","protected":false},"author":7,"featured_media":0,"parent":0,"menu_order":0,"comment_status":"closed","ping_status":"closed","template":"","meta":{"neve_meta_sidebar":"","neve_meta_container":"","neve_meta_enable_content_width":"","neve_meta_content_width":0,"neve_meta_title_alignment":"","neve_meta_author_avatar":"","neve_post_elements_order":"","neve_meta_disable_header":"","neve_meta_disable_footer":"","neve_meta_disable_title":"","_themeisle_gutenberg_block_has_review":false,"footnotes":""},"class_list":["post-81","page","type-page","status-publish","hentry"],"_links":{"self":[{"href":"https:\/\/www.iletaitunefoismescolos.fr\/index.php?rest_route=\/wp\/v2\/pages\/81","targetHints":{"allow":["GET"]}}],"collection":[{"href":"https:\/\/www.iletaitunefoismescolos.fr\/index.php?rest_route=\/wp\/v2\/pages"}],"about":[{"href":"https:\/\/www.iletaitunefoismescolos.fr\/index.php?rest_route=\/wp\/v2\/types\/page"}],"author":[{"embeddable":true,"href":"https:\/\/www.iletaitunefoismescolos.fr\/index.php?rest_route=\/wp\/v2\/users\/7"}],"replies":[{"embeddable":true,"href":"https:\/\/www.iletaitunefoismescolos.fr\/index.php?rest_route=%2Fwp%2Fv2%2Fcomments&post=81"}],"version-history":[{"count":1,"href":"https:\/\/www.iletaitunefoismescolos.fr\/index.php?rest_route=\/wp\/v2\/pages\/81\/revisions"}],"predecessor-version":[{"id":82,"href":"https:\/\/www.iletaitunefoismescolos.fr\/index.php?rest_route=\/wp\/v2\/pages\/81\/revisions\/82"}],"wp:attachment":[{"href":"https:\/\/www.iletaitunefoismescolos.fr\/index.php?rest_route=%2Fwp%2Fv2%2Fmedia&parent=81"}],"curies":[{"name":"wp","href":"https:\/\/api.w.org\/{rel}","templated":true}]}}