{"id":90,"date":"2023-06-28T22:36:31","date_gmt":"2023-06-28T20:36:31","guid":{"rendered":"https:\/\/www.iletaitunefoismescolos.fr\/?page_id=90"},"modified":"2024-04-15T18:36:21","modified_gmt":"2024-04-15T16:36:21","slug":"les-commissions-de-travail","status":"publish","type":"page","link":"https:\/\/www.iletaitunefoismescolos.fr\/?page_id=90","title":{"rendered":"Les commissions de travail"},"content":{"rendered":"\n<h2 class=\"wp-block-heading\"><strong>Commissions actives en 20<\/strong>24<\/h2>\n\n\n\n<hr class=\"wp-block-separator has-alpha-channel-opacity\"\/>\n\n\n\n<p>Nos r\u00e9f\u00e9rent\/es sont en gras (pour qu&rsquo;on les voit bien !\ud83d\udc40)<\/p>\n\n\n\n<h3 class=\"wp-block-heading\"><strong>Commission Petit Brico<\/strong> \ud83d\udc69\u200d\ud83c\udfa8\u270d<\/h3>\n\n\n\n<p><strong>Kim <\/strong>\/ Camille P \/ C\u00e9lia \/ Aline<\/p>\n\n\n\n<p>Ceux et celles qui sont d\u00e9j\u00e0 pass\u00e9 par Il Etait Une Fois.. ont forc\u00e9ment d\u00e9j\u00e0 entendu parl\u00e9 du coin Petit Brico ! Vous ne connaissez pas ? Je vous explique : vous avez une \u00e2me d&rsquo;artiste ? Oui ? Alors ce lieu est fait pour vous ! Venez y faire de beaux coloriages, d&rsquo;incroyables origamis, de dr\u00f4les de pancartes ou m\u00eame des \u00e9ventails pour se rafraichir l&rsquo;\u00e9t\u00e9 ! C&rsquo;est bien beau, mais ici en commission on est l\u00e0 pour r\u00e9fl\u00e9chir ! Comment l&rsquo;animateur\/ice doit se positionner pour animer au mieux ici ? Comment agencer les lieux ? Comment organiser au mieux l&rsquo;installation et le rangement ? Ce sont des questions qui se posent dans cette commission ! <\/p>\n\n\n\n<h3 class=\"wp-block-heading\"><strong>Commission Cuisine<\/strong> \ud83c\udf73\ud83c\udf82<\/h3>\n\n\n\n<p><strong>Alice <\/strong>\/ Floxel \/ Baptiste<\/p>\n\n\n\n<p>Sans cuisine nos colos n&rsquo;iraient pas bien loin, et la commission cuisine l&rsquo;a bien compris ! Son objectif premier est d&rsquo;accompagner les \u00e9quipes de cuistot\/es pr\u00e9sentes sur nos s\u00e9jours. En effet ce n&rsquo;est pas partout que vous verrez des enfants proposer des plats et participer \u00e0 la r\u00e9alisation de ceux-ci ! Cette commission r\u00e9fl\u00e9chit \u00e9galement sur le budget cuisine, les fournisseurs et les menus.<\/p>\n\n\n\n<h3 class=\"wp-block-heading\"><strong>Commission Communication<\/strong> \ud83d\udcf3\ud83d\udcbb<\/h3>\n\n\n\n<p><strong>Mathilde <\/strong>\/ Camille \/ L\u00e9o <\/p>\n\n\n\n<p>Qui s&rsquo;occupe des r\u00e9seaux mieux que personne ? C&rsquo;est bien \u00e9videmment la Comcom ! Lorsque vous voyez une de nos publication sur Instagram ou sur Facebook, c&rsquo;est \u00e0 elleux qu&rsquo;il faut penser ! La Commission communication se donne \u00e9galement comme objectif de refaire les visuels de l&rsquo;association quand cela est jug\u00e9 n\u00e9cessaire ! Au d\u00e9but d&rsquo;ann\u00e9e les membres r\u00e9fl\u00e9chissent \u00e0 un calendrier \u00e9ditorial pour dynamiser les r\u00e9seaux et pour pouvoir toucher toujours plus de monde : parents, enfants, anim&rsquo; ou adh\u00e9rent\/es : tout le monde est vis\u00e9 ! Ah oui, et c&rsquo;est \u00e9galement elle qui s&rsquo;occupe du site o\u00f9 vous lisez ces lignes \ud83d\ude01 !<\/p>\n\n\n\n<h3 class=\"wp-block-heading\"><strong>Commission Suivi Directeur<\/strong>\/ices \ud83d\udcaa\ud83e\udd1d<\/h3>\n\n\n\n<p><strong>Alice K<\/strong> \/ Baptiste \/ Florian \/ Mathilde \/ Alice M \/ Camille<\/p>\n\n\n\n<p>Parfois des nouvelleaux directeur\/ices arrivent \u00e0 Il Etait Une Fois&#8230; et il faut bien les accompagner. C&rsquo;est tout le propos de la commission Suivi Directeur\/ices ! Elle est compos\u00e9e de personnes exp\u00e9riment\u00e9es dans la conduite de s\u00e9jours et qui sont pour la plupart titulaires du BAFD. Elle met \u00e0 disposition trucs et astuces, le support documentaire n\u00e9cessaire \u00e0 la bonne conduite d\u2019un ACM et accompagne les \u00e9quipes de direction dans la r\u00e9daction de leur projet p\u00e9dagogique.<\/p>\n\n\n\n<h3 class=\"wp-block-heading\">Commission C<strong>onvoyages<\/strong> \ud83d\ude8c\ud83d\udcc6<\/h3>\n\n\n\n<p><strong>Matthieu\u00a0<\/strong>\/ Elisa \/ Alice M \/ L\u00e9o<\/p>\n\n\n\n<p>Cette commission a pour objectif l\u2019organisation des convoyages des s\u00e9jours de l\u2019\u00e9t\u00e9. Elle r\u00e9fl\u00e9chit \u00e0 l\u2019organisation, la communication et la logistique des convoyages.<\/p>\n\n\n\n<h3 class=\"wp-block-heading\">Commission Mat\u00e9riels et Inventaire \ud83e\uddf0\ud83c\udfbe<\/h3>\n\n\n\n<p> <strong>L\u00e9o <\/strong>\/ Florian \/ C\u00e9lia \/ Kim<\/p>\n\n\n\n<p>Vous n&rsquo;imaginez pas tout ce qu&rsquo;une association peut stocker depuis plus de 20 ans ? Eh bien, la Commission matos si ! Son r\u00f4le est simple mais il y a tant \u00e0 faire &#8230; : Faire les inventaires, g\u00e9rer les stocks, pr\u00e9parer les achats, organiser la journ\u00e9e rangement et surtout la journ\u00e9e matos !<\/p>\n\n\n\n<h3 class=\"wp-block-heading\">Commission Festivit\u00e9s \ud83c\udf89\ud83c\udfbc<\/h3>\n\n\n\n<p><strong>L\u00e9o <\/strong>\/ Nathan<\/p>\n\n\n\n<p>Dans la vie il faut penser \u00e0 s&rsquo;amuser, et c&rsquo;est pour \u00e7a que l&rsquo;on va en colo, non ? C&rsquo;est dans cette m\u00eame logique que la Commission Festivit\u00e9s a \u00e9t\u00e9 cr\u00e9\u00e9. Elle propose deux veill\u00e9es au cours de l&rsquo;ann\u00e9e : la premi\u00e8re lors de notre weekend de pr\u00e9pa&rsquo; avant les colos, la seconde lors de notre weekend de rentr\u00e9e apr\u00e8s les colos ! <\/p>\n\n\n\n<h3 class=\"wp-block-heading\">Commission Suivi Administratif de l&rsquo;Association \ud83d\udce9\ud83d\udcdd<\/h3>\n\n\n\n<p><strong>Matthieu <\/strong>\/ Baptiste \/ Kim \/ C\u00e9lia<\/p>\n\n\n\n<p>Beaucoup de t\u00e2ches administratives sont inh\u00e9rentes au bon fonctionnement d&rsquo;une association, et parfois il faut savoir faire de la passation. C&rsquo;est donc tout l&rsquo;enjeux de cette commission !  <\/p>\n","protected":false},"excerpt":{"rendered":"<p>Commissions actives en 2024 Nos r\u00e9f\u00e9rent\/es sont en gras (pour qu&rsquo;on les voit bien !\ud83d\udc40) Commission Petit Brico \ud83d\udc69\u200d\ud83c\udfa8\u270d Kim \/ Camille P \/ C\u00e9lia \/ Aline Ceux et celles qui sont d\u00e9j\u00e0 pass\u00e9 par Il Etait Une Fois.. ont forc\u00e9ment d\u00e9j\u00e0 entendu parl\u00e9 du coin Petit Brico ! Vous ne connaissez pas ? Je&hellip;&nbsp;<a href=\"https:\/\/www.iletaitunefoismescolos.fr\/?page_id=90\" rel=\"bookmark\">Lire la suite &raquo;<span class=\"screen-reader-text\">Les commissions de travail<\/span><\/a><\/p>\n","protected":false},"author":7,"featured_media":0,"parent":0,"menu_order":0,"comment_status":"closed","ping_status":"closed","template":"","meta":{"neve_meta_sidebar":"","neve_meta_container":"","neve_meta_enable_content_width":"","neve_meta_content_width":0,"neve_meta_title_alignment":"","neve_meta_author_avatar":"","neve_post_elements_order":"","neve_meta_disable_header":"","neve_meta_disable_footer":"","neve_meta_disable_title":"","_themeisle_gutenberg_block_has_review":false,"footnotes":""},"class_list":["post-90","page","type-page","status-publish","hentry"],"_links":{"self":[{"href":"https:\/\/www.iletaitunefoismescolos.fr\/index.php?rest_route=\/wp\/v2\/pages\/90","targetHints":{"allow":["GET"]}}],"collection":[{"href":"https:\/\/www.iletaitunefoismescolos.fr\/index.php?rest_route=\/wp\/v2\/pages"}],"about":[{"href":"https:\/\/www.iletaitunefoismescolos.fr\/index.php?rest_route=\/wp\/v2\/types\/page"}],"author":[{"embeddable":true,"href":"https:\/\/www.iletaitunefoismescolos.fr\/index.php?rest_route=\/wp\/v2\/users\/7"}],"replies":[{"embeddable":true,"href":"https:\/\/www.iletaitunefoismescolos.fr\/index.php?rest_route=%2Fwp%2Fv2%2Fcomments&post=90"}],"version-history":[{"count":4,"href":"https:\/\/www.iletaitunefoismescolos.fr\/index.php?rest_route=\/wp\/v2\/pages\/90\/revisions"}],"predecessor-version":[{"id":2774,"href":"https:\/\/www.iletaitunefoismescolos.fr\/index.php?rest_route=\/wp\/v2\/pages\/90\/revisions\/2774"}],"wp:attachment":[{"href":"https:\/\/www.iletaitunefoismescolos.fr\/index.php?rest_route=%2Fwp%2Fv2%2Fmedia&parent=90"}],"curies":[{"name":"wp","href":"https:\/\/api.w.org\/{rel}","templated":true}]}}